{"id":12,"date":"2024-03-30T12:35:11","date_gmt":"2024-03-30T11:35:11","guid":{"rendered":"https:\/\/audrey-photo06.com\/?page_id=12"},"modified":"2024-04-06T13:50:40","modified_gmt":"2024-04-06T11:50:40","slug":"a-propos","status":"publish","type":"page","link":"https:\/\/audrey-photo06.com\/index.php\/a-propos\/","title":{"rendered":"A propos"},"content":{"rendered":"\n<div class=\"wp-block-group alignfull has-global-padding is-layout-constrained wp-container-core-group-layout-2 wp-block-group-is-layout-constrained\" style=\"padding-top:3rem\">\n<div class=\"wp-block-group has-global-padding is-layout-constrained wp-container-core-group-layout-1 wp-block-group-is-layout-constrained\">\n<h3 class=\"wp-block-heading has-text-align-center has-text-color\" style=\"color:#b08974;margin-bottom:0rem;font-size:clamp(2.375rem, 2.375rem + ((1vw - 0.2rem) * 3.682), 4.4rem);font-style:normal;font-weight:600;line-height:1.2\">Capturer des instants<\/h3>\n<\/div>\n<\/div>\n\n\n\n<div class=\"wp-block-group alignwide has-global-padding is-layout-constrained wp-container-core-group-layout-4 wp-block-group-is-layout-constrained\" style=\"border-style:none;border-width:0px;min-height:0px;padding-top:4.3rem;padding-right:0;padding-bottom:4.3rem;padding-left:0\">\n<div class=\"wp-block-columns is-layout-flex wp-container-core-columns-layout-1 wp-block-columns-is-layout-flex\" style=\"margin-top:0;margin-bottom:0;padding-right:0px;padding-left:0px\">\n<div class=\"wp-block-column is-vertically-aligned-center is-layout-flow wp-block-column-is-layout-flow\" style=\"padding-right:0rem;padding-left:0rem\">\n<figure class=\"wp-block-image aligncenter size-full is-resized has-custom-border\"><img loading=\"lazy\" decoding=\"async\" width=\"1080\" height=\"1620\" src=\"https:\/\/audrey-photo06.com\/wp-content\/uploads\/2024\/03\/1711895351007-edited-1.jpg\" alt=\"\" class=\"wp-image-166\" style=\"border-radius:42px;object-fit:cover;width:437px;height:auto\" srcset=\"https:\/\/audrey-photo06.com\/wp-content\/uploads\/2024\/03\/1711895351007-edited-1.jpg 1080w, https:\/\/audrey-photo06.com\/wp-content\/uploads\/2024\/03\/1711895351007-edited-1-200x300.jpg 200w, https:\/\/audrey-photo06.com\/wp-content\/uploads\/2024\/03\/1711895351007-edited-1-683x1024.jpg 683w, https:\/\/audrey-photo06.com\/wp-content\/uploads\/2024\/03\/1711895351007-edited-1-768x1152.jpg 768w, https:\/\/audrey-photo06.com\/wp-content\/uploads\/2024\/03\/1711895351007-edited-1-1024x1536.jpg 1024w\" sizes=\"(max-width: 1080px) 100vw, 1080px\" \/><\/figure>\n<\/div>\n\n\n\n<div class=\"wp-block-column is-vertically-aligned-center is-layout-flow wp-block-column-is-layout-flow\" style=\"padding-right:1rem;padding-left:1rem\">\n<div class=\"wp-block-group has-global-padding is-layout-constrained wp-container-core-group-layout-3 wp-block-group-is-layout-constrained\" style=\"padding-top:1rem;padding-right:1rem;padding-bottom:1rem;padding-left:1rem\">\n<h2 class=\"wp-block-heading has-text-align-left has-text-color has-link-color wp-elements-005278782f1f53e3671540691a533b2f\" style=\"color:#b08974;font-size:clamp(1.976rem, 1.976rem + ((1vw - 0.2rem) * 2.771), 3.5rem);font-style:normal;font-weight:400\">La passion de la photographie<\/h2>\n\n\n\n<p>Ayant un sens aigu du d\u00e9tail, une observation profonde et voulant toujours atteindre la limite de la perfection dans mon travail,je suis sans cesse \u00e0 la recherche de &#8220;LA&#8221; touche qui cr\u00e9era un souvenir intemporel et \u00e0 votre image.<\/p>\n\n\n\n<p>Mon objectif est de faire de chaque reportages photo une exp\u00e9rience magique, qu\u2019il s\u2019agisse d\u2019une s\u00e9ance de maternit\u00e9, de photos de famille ou d\u2019une c\u00e9l\u00e9bration importante.<\/p>\n\n\n\n<p>Lors de chaques reportages je veille \u00e0 ce que les clients se sentent \u00e0 l&#8217;aise et confiant car on le sait rien ne marche sans relation de confiance !<\/p>\n\n\n\n<p>C&#8217;est pour cela que je serai transparente et sans surprise avec vous !<\/p>\n<\/div>\n<\/div>\n<\/div>\n<\/div>\n\n\n\n<div class=\"wp-block-group alignwide has-global-padding is-layout-constrained wp-container-core-group-layout-5 wp-block-group-is-layout-constrained\" style=\"border-style:none;border-width:0px;min-height:0px;padding-top:4.3rem;padding-right:0;padding-bottom:4.3rem;padding-left:0\">\n<div class=\"wp-block-columns is-layout-flex wp-container-core-columns-layout-2 wp-block-columns-is-layout-flex\">\n<div class=\"wp-block-column is-layout-flow wp-block-column-is-layout-flow\" style=\"flex-basis:30%\">\n<h3 class=\"wp-block-heading has-text-align-right has-text-color has-link-color wp-elements-5bf1aed95b69838febe1292300e6c387\" style=\"color:#b08974;font-size:clamp(1.25rem, 1.25rem + ((1vw - 0.2rem) * 1.364), 2rem);font-style:normal;font-weight:700;text-decoration:none\">Mon parcours<\/h3>\n<\/div>\n\n\n\n<div class=\"wp-block-column is-layout-flow wp-block-column-is-layout-flow\" style=\"flex-basis:66.66%\">\n<p>J&#8217;aime capturer tous les plus beaux moments de la vie ! Un appareil photo \u00e0 la main et une passion pour les plus petits d\u00e9tails,<br>je me suis lanc\u00e9 dans cette magnifique aventure qu&#8217;est la photographie afin de vous cr\u00e9er des souvenirs inoubliables !<\/p>\n<\/div>\n<\/div>\n\n\n\n<div class=\"wp-block-columns is-layout-flex wp-container-core-columns-layout-3 wp-block-columns-is-layout-flex\">\n<div class=\"wp-block-column is-layout-flow wp-block-column-is-layout-flow\" style=\"flex-basis:30%\">\n<h3 class=\"wp-block-heading has-text-align-right has-text-color has-link-color wp-elements-2ea01252671f6a3a2d355cb26781073b\" style=\"color:#b08974;font-size:clamp(1.25rem, 1.25rem + ((1vw - 0.2rem) * 1.364), 2rem);font-style:normal;font-weight:700;text-decoration:none\">Mon Objectif<\/h3>\n<\/div>\n\n\n\n<div class=\"wp-block-column is-layout-flow wp-block-column-is-layout-flow\" style=\"flex-basis:66.66%\">\n<p>D\u00e9couvrez une exp\u00e9rience photographique simple et pleine de rires ! Que vous attendiez un nouveau membre de la famille,<br>que vous c\u00e9l\u00e9briez une \u00e9tape importante de la vie ou que vous souhaitiez simplement capturer l\u2019amour,<br>ou \u00eatre une princesse le temps d&#8217;un instant mes prestations diversifi\u00e9es garantissent que chaque moment est immortaliser.<\/p>\n<\/div>\n<\/div>\n<\/div>\n\n\n\n<div class=\"wp-block-group alignwide has-global-padding is-layout-constrained wp-container-core-group-layout-7 wp-block-group-is-layout-constrained\" style=\"border-style:none;border-width:0px;min-height:0px;padding-top:4.3rem;padding-right:0;padding-bottom:4.3rem;padding-left:0\">\n<div class=\"wp-block-columns is-layout-flex wp-container-core-columns-layout-4 wp-block-columns-is-layout-flex\" style=\"margin-top:0;margin-bottom:0;padding-right:0;padding-left:0\">\n<div class=\"wp-block-column is-vertically-aligned-center is-layout-flow wp-block-column-is-layout-flow\" style=\"padding-right:1rem;padding-left:1rem\">\n<div class=\"wp-block-group has-global-padding is-layout-constrained wp-container-core-group-layout-6 wp-block-group-is-layout-constrained\" style=\"padding-top:1rem;padding-right:1rem;padding-bottom:1rem;padding-left:1rem\">\n<h2 class=\"wp-block-heading has-text-align-left has-text-color has-link-color wp-elements-25587b342ddb2836596cb54ebec978d5\" style=\"color:#b08974;font-size:clamp(1.976rem, 1.976rem + ((1vw - 0.2rem) * 2.771), 3.5rem);font-style:normal;font-weight:400\">Mes Services<\/h2>\n\n\n\n<ul style=\"color:#1f1f1f;font-size:clamp(14.642px, 0.915rem + ((1vw - 3.2px) * 0.836), 22px);line-height:1.8\" class=\"has-text-color has-link-color wp-elements-660f7b0d4127da6514a213383a80ec73\">\n<li>Grossesse<\/li>\n\n\n\n<li>Annonce Grossesse<\/li>\n\n\n\n<li>Naissance \/ Allaitement en mode Life Style <\/li>\n\n\n\n<li>Famille<\/li>\n\n\n\n<li>Engagement \/ Couples<\/li>\n\n\n\n<li>Fly Dress <\/li>\n\n\n\n<li>Paysages<\/li>\n\n\n\n<li>Mariage \u00c9v\u00e9nements sp\u00e9ciaux (EVJF, EVG, Anniversaire, Baby Shower \u2026..)<\/li>\n<\/ul>\n<\/div>\n<\/div>\n\n\n\n<div class=\"wp-block-column is-vertically-aligned-center is-layout-flow wp-block-column-is-layout-flow\" style=\"padding-right:0rem;padding-left:0rem\">\n<figure class=\"wp-block-image aligncenter size-full is-resized\"><img loading=\"lazy\" decoding=\"async\" width=\"250\" height=\"250\" src=\"https:\/\/audrey-photo06.com\/wp-content\/uploads\/2024\/03\/6vOrbT-LogoMakr-1.png\" alt=\"\" class=\"wp-image-167\" style=\"object-fit:cover;width:414px;height:auto\" srcset=\"https:\/\/audrey-photo06.com\/wp-content\/uploads\/2024\/03\/6vOrbT-LogoMakr-1.png 250w, https:\/\/audrey-photo06.com\/wp-content\/uploads\/2024\/03\/6vOrbT-LogoMakr-1-150x150.png 150w\" sizes=\"(max-width: 250px) 100vw, 250px\" \/><\/figure>\n<\/div>\n<\/div>\n<\/div>\n","protected":false},"excerpt":{"rendered":"<p>Capturer des instants La passion de la photographie Ayant un sens aigu du d\u00e9tail, une observation profonde et voulant toujours atteindre la limite de la perfection dans mon travail,je suis sans cesse \u00e0 la recherche de &#8220;LA&#8221; touche qui cr\u00e9era un souvenir intemporel et \u00e0 votre image. Mon objectif est de faire de chaque reportages [&hellip;]<\/p>\n","protected":false},"author":1,"featured_media":0,"parent":0,"menu_order":0,"comment_status":"closed","ping_status":"closed","template":"","meta":{"footnotes":""},"_links":{"self":[{"href":"https:\/\/audrey-photo06.com\/index.php\/wp-json\/wp\/v2\/pages\/12"}],"collection":[{"href":"https:\/\/audrey-photo06.com\/index.php\/wp-json\/wp\/v2\/pages"}],"about":[{"href":"https:\/\/audrey-photo06.com\/index.php\/wp-json\/wp\/v2\/types\/page"}],"author":[{"embeddable":true,"href":"https:\/\/audrey-photo06.com\/index.php\/wp-json\/wp\/v2\/users\/1"}],"replies":[{"embeddable":true,"href":"https:\/\/audrey-photo06.com\/index.php\/wp-json\/wp\/v2\/comments?post=12"}],"version-history":[{"count":14,"href":"https:\/\/audrey-photo06.com\/index.php\/wp-json\/wp\/v2\/pages\/12\/revisions"}],"predecessor-version":[{"id":205,"href":"https:\/\/audrey-photo06.com\/index.php\/wp-json\/wp\/v2\/pages\/12\/revisions\/205"}],"wp:attachment":[{"href":"https:\/\/audrey-photo06.com\/index.php\/wp-json\/wp\/v2\/media?parent=12"}],"curies":[{"name":"wp","href":"https:\/\/api.w.org\/{rel}","templated":true}]}}