{"id":14,"date":"2024-03-30T12:35:25","date_gmt":"2024-03-30T11:35:25","guid":{"rendered":"https:\/\/audrey-photo06.com\/?page_id=14"},"modified":"2024-03-31T17:27:33","modified_gmt":"2024-03-31T15:27:33","slug":"services","status":"publish","type":"page","link":"https:\/\/audrey-photo06.com\/index.php\/services\/","title":{"rendered":"Services"},"content":{"rendered":"\n<div class=\"wp-block-group alignfull has-global-padding is-layout-constrained wp-container-core-group-layout-2 wp-block-group-is-layout-constrained\" style=\"padding-top:3rem\">\n<div class=\"wp-block-group has-global-padding is-layout-constrained wp-container-core-group-layout-1 wp-block-group-is-layout-constrained\">\n<h3 class=\"wp-block-heading has-text-align-center has-text-color\" style=\"color:#b08974;margin-bottom:0rem;font-size:clamp(2.375rem, 2.375rem + ((1vw - 0.2rem) * 3.682), 4.4rem);font-style:normal;font-weight:600;line-height:1.2\">Moments Pr\u00e9cieux<\/h3>\n<\/div>\n<\/div>\n\n\n\n<section class=\"wp-block-group alignfull has-text-color has-global-padding is-layout-constrained wp-container-core-group-layout-12 wp-block-group-is-layout-constrained\" style=\"border-style:none;border-width:0px;color:#3e3e3e;margin-top:0px;padding-top:4rem;padding-right:1rem;padding-bottom:4rem;padding-left:1rem;font-size:clamp(0.875rem, 0.875rem + ((1vw - 0.2rem) * 0.464), 1.13rem);font-style:normal;font-weight:400;line-height:1.4\">\n<div class=\"wp-block-columns is-layout-flex wp-container-core-columns-layout-1 wp-block-columns-is-layout-flex\" style=\"padding-top:2rem;padding-right:0px;padding-bottom:0;padding-left:0px\">\n<div class=\"wp-block-column is-layout-flow wp-block-column-is-layout-flow\" style=\"padding-top:1rem;padding-bottom:1rem\">\n<div class=\"wp-block-group has-global-padding is-layout-constrained wp-container-core-group-layout-3 wp-block-group-is-layout-constrained\">\n<figure class=\"wp-block-image aligncenter size-full\"><img loading=\"lazy\" decoding=\"async\" width=\"1220\" height=\"1495\" src=\"https:\/\/audrey-photo06.com\/wp-content\/uploads\/2024\/03\/Naissance-3.jpg\" alt=\"\" class=\"wp-image-138\" style=\"aspect-ratio:3\/4;object-fit:cover\" srcset=\"https:\/\/audrey-photo06.com\/wp-content\/uploads\/2024\/03\/Naissance-3.jpg 1220w, https:\/\/audrey-photo06.com\/wp-content\/uploads\/2024\/03\/Naissance-3-245x300.jpg 245w, https:\/\/audrey-photo06.com\/wp-content\/uploads\/2024\/03\/Naissance-3-836x1024.jpg 836w, https:\/\/audrey-photo06.com\/wp-content\/uploads\/2024\/03\/Naissance-3-768x941.jpg 768w\" sizes=\"(max-width: 1220px) 100vw, 1220px\" \/><\/figure>\n\n\n\n<h4 class=\"wp-block-heading has-text-align-center has-text-color has-link-color wp-elements-7a423c607b547c19a96ca860945594f0\" style=\"color:#b08974;font-size:clamp(0.984rem, 0.984rem + ((1vw - 0.2rem) * 0.938), 1.5rem);font-style:normal;font-weight:400;text-decoration:none;text-transform:uppercase\">naissance<\/h4>\n<\/div>\n<\/div>\n\n\n\n<div class=\"wp-block-column is-layout-flow wp-block-column-is-layout-flow\" style=\"padding-top:1rem;padding-bottom:1rem\">\n<div class=\"wp-block-group has-global-padding is-layout-constrained wp-container-core-group-layout-4 wp-block-group-is-layout-constrained\">\n<figure class=\"wp-block-image aligncenter size-full\"><img loading=\"lazy\" decoding=\"async\" width=\"1566\" height=\"1705\" src=\"https:\/\/audrey-photo06.com\/wp-content\/uploads\/2024\/03\/1711895350997-1.jpg\" alt=\"\" class=\"wp-image-192\" style=\"aspect-ratio:3\/4;object-fit:cover\" srcset=\"https:\/\/audrey-photo06.com\/wp-content\/uploads\/2024\/03\/1711895350997-1.jpg 1566w, https:\/\/audrey-photo06.com\/wp-content\/uploads\/2024\/03\/1711895350997-1-276x300.jpg 276w, https:\/\/audrey-photo06.com\/wp-content\/uploads\/2024\/03\/1711895350997-1-941x1024.jpg 941w, https:\/\/audrey-photo06.com\/wp-content\/uploads\/2024\/03\/1711895350997-1-768x836.jpg 768w, https:\/\/audrey-photo06.com\/wp-content\/uploads\/2024\/03\/1711895350997-1-1411x1536.jpg 1411w\" sizes=\"(max-width: 1566px) 100vw, 1566px\" \/><\/figure>\n\n\n\n<h4 class=\"wp-block-heading has-text-align-center has-text-color has-link-color wp-elements-088fba324da31b862d88df9fdac06450\" style=\"color:#b08974;font-size:clamp(0.984rem, 0.984rem + ((1vw - 0.2rem) * 0.938), 1.5rem);font-style:normal;font-weight:400;text-decoration:none;text-transform:uppercase\">famille<\/h4>\n<\/div>\n<\/div>\n\n\n\n<div class=\"wp-block-column is-layout-flow wp-block-column-is-layout-flow\" style=\"padding-top:1rem;padding-bottom:1rem\">\n<div class=\"wp-block-group has-global-padding is-layout-constrained wp-container-core-group-layout-5 wp-block-group-is-layout-constrained\">\n<figure class=\"wp-block-image aligncenter size-full\"><img loading=\"lazy\" decoding=\"async\" width=\"2560\" height=\"1707\" src=\"https:\/\/audrey-photo06.com\/wp-content\/uploads\/2024\/03\/grossesse-2-scaled.jpg\" alt=\"\" class=\"wp-image-140\" style=\"aspect-ratio:3\/4;object-fit:cover\" srcset=\"https:\/\/audrey-photo06.com\/wp-content\/uploads\/2024\/03\/grossesse-2-scaled.jpg 2560w, https:\/\/audrey-photo06.com\/wp-content\/uploads\/2024\/03\/grossesse-2-300x200.jpg 300w, https:\/\/audrey-photo06.com\/wp-content\/uploads\/2024\/03\/grossesse-2-1024x683.jpg 1024w, https:\/\/audrey-photo06.com\/wp-content\/uploads\/2024\/03\/grossesse-2-768x512.jpg 768w, https:\/\/audrey-photo06.com\/wp-content\/uploads\/2024\/03\/grossesse-2-1536x1024.jpg 1536w, https:\/\/audrey-photo06.com\/wp-content\/uploads\/2024\/03\/grossesse-2-2048x1365.jpg 2048w\" sizes=\"(max-width: 2560px) 100vw, 2560px\" \/><\/figure>\n\n\n\n<h4 class=\"wp-block-heading has-text-align-center has-text-color has-link-color wp-elements-0f5c1df456fe6941feb7bfa3d102ca89\" style=\"color:#b08974;font-size:clamp(0.984rem, 0.984rem + ((1vw - 0.2rem) * 0.938), 1.5rem);font-style:normal;font-weight:400;text-decoration:none;text-transform:uppercase\">grossesse<\/h4>\n<\/div>\n<\/div>\n<\/div>\n\n\n\n<div class=\"wp-block-columns is-layout-flex wp-container-core-columns-layout-2 wp-block-columns-is-layout-flex\" style=\"padding-top:2rem;padding-right:0px;padding-bottom:0;padding-left:0px\">\n<div class=\"wp-block-column is-layout-flow wp-container-core-column-layout-4 wp-block-column-is-layout-flow\" style=\"padding-top:1rem;padding-bottom:1rem\">\n<div class=\"wp-block-group has-global-padding is-layout-constrained wp-container-core-group-layout-6 wp-block-group-is-layout-constrained\">\n<figure class=\"wp-block-image aligncenter size-full\"><img loading=\"lazy\" decoding=\"async\" width=\"1920\" height=\"2560\" src=\"https:\/\/audrey-photo06.com\/wp-content\/uploads\/2024\/03\/couple-2-4-scaled.jpg\" alt=\"\" class=\"wp-image-141\" style=\"aspect-ratio:3\/4;object-fit:cover\" srcset=\"https:\/\/audrey-photo06.com\/wp-content\/uploads\/2024\/03\/couple-2-4-scaled.jpg 1920w, https:\/\/audrey-photo06.com\/wp-content\/uploads\/2024\/03\/couple-2-4-225x300.jpg 225w, https:\/\/audrey-photo06.com\/wp-content\/uploads\/2024\/03\/couple-2-4-768x1024.jpg 768w, https:\/\/audrey-photo06.com\/wp-content\/uploads\/2024\/03\/couple-2-4-1152x1536.jpg 1152w, https:\/\/audrey-photo06.com\/wp-content\/uploads\/2024\/03\/couple-2-4-1536x2048.jpg 1536w\" sizes=\"(max-width: 1920px) 100vw, 1920px\" \/><\/figure>\n\n\n\n<h4 class=\"wp-block-heading has-text-align-center has-text-color has-link-color wp-elements-bd58441a29b1a560b5135d873075f607\" style=\"color:#b08974;font-size:clamp(0.984rem, 0.984rem + ((1vw - 0.2rem) * 0.938), 1.5rem);font-style:normal;font-weight:400;text-decoration:none;text-transform:uppercase\">Couple<\/h4>\n<\/div>\n<\/div>\n\n\n\n<div class=\"wp-block-column is-layout-flow wp-block-column-is-layout-flow\" style=\"padding-top:1rem;padding-bottom:1rem\">\n<div class=\"wp-block-group has-global-padding is-layout-constrained wp-container-core-group-layout-7 wp-block-group-is-layout-constrained\">\n<figure class=\"wp-block-image aligncenter size-full\"><img loading=\"lazy\" decoding=\"async\" width=\"1538\" height=\"1706\" src=\"https:\/\/audrey-photo06.com\/wp-content\/uploads\/2024\/03\/femme2-2.jpg\" alt=\"\" class=\"wp-image-142\" style=\"aspect-ratio:3\/4;object-fit:cover\" srcset=\"https:\/\/audrey-photo06.com\/wp-content\/uploads\/2024\/03\/femme2-2.jpg 1538w, https:\/\/audrey-photo06.com\/wp-content\/uploads\/2024\/03\/femme2-2-270x300.jpg 270w, https:\/\/audrey-photo06.com\/wp-content\/uploads\/2024\/03\/femme2-2-923x1024.jpg 923w, https:\/\/audrey-photo06.com\/wp-content\/uploads\/2024\/03\/femme2-2-768x852.jpg 768w, https:\/\/audrey-photo06.com\/wp-content\/uploads\/2024\/03\/femme2-2-1385x1536.jpg 1385w\" sizes=\"(max-width: 1538px) 100vw, 1538px\" \/><\/figure>\n\n\n\n<h4 class=\"wp-block-heading has-text-align-center has-text-color has-link-color wp-elements-43ad065834535503edd067b2d3922c2f\" style=\"color:#b08974;font-size:clamp(0.984rem, 0.984rem + ((1vw - 0.2rem) * 0.938), 1.5rem);font-style:normal;font-weight:400;text-decoration:none;text-transform:uppercase\">Modele<\/h4>\n<\/div>\n<\/div>\n\n\n\n<div class=\"wp-block-column is-layout-flow wp-block-column-is-layout-flow\" style=\"padding-top:1rem;padding-bottom:1rem\">\n<div class=\"wp-block-group has-global-padding is-layout-constrained wp-container-core-group-layout-8 wp-block-group-is-layout-constrained\">\n<figure class=\"wp-block-image aligncenter size-full\"><img loading=\"lazy\" decoding=\"async\" width=\"2560\" height=\"1709\" src=\"https:\/\/audrey-photo06.com\/wp-content\/uploads\/2024\/03\/events-2-1-scaled.jpg\" alt=\"\" class=\"wp-image-143\" style=\"aspect-ratio:3\/4;object-fit:cover\" srcset=\"https:\/\/audrey-photo06.com\/wp-content\/uploads\/2024\/03\/events-2-1-scaled.jpg 2560w, https:\/\/audrey-photo06.com\/wp-content\/uploads\/2024\/03\/events-2-1-300x200.jpg 300w, https:\/\/audrey-photo06.com\/wp-content\/uploads\/2024\/03\/events-2-1-1024x684.jpg 1024w, https:\/\/audrey-photo06.com\/wp-content\/uploads\/2024\/03\/events-2-1-768x513.jpg 768w, https:\/\/audrey-photo06.com\/wp-content\/uploads\/2024\/03\/events-2-1-1536x1025.jpg 1536w, https:\/\/audrey-photo06.com\/wp-content\/uploads\/2024\/03\/events-2-1-2048x1367.jpg 2048w\" sizes=\"(max-width: 2560px) 100vw, 2560px\" \/><\/figure>\n\n\n\n<h4 class=\"wp-block-heading has-text-align-center has-text-color has-link-color wp-elements-8b80a83f630eb3beb63bc8c631c24c3a\" style=\"color:#b08974;font-size:clamp(0.984rem, 0.984rem + ((1vw - 0.2rem) * 0.938), 1.5rem);font-style:normal;font-weight:400;text-decoration:none;text-transform:uppercase\">events<\/h4>\n<\/div>\n<\/div>\n<\/div>\n\n\n\n<div class=\"wp-block-columns is-layout-flex wp-container-core-columns-layout-3 wp-block-columns-is-layout-flex\" style=\"padding-top:2rem;padding-right:0px;padding-bottom:0;padding-left:0px\">\n<div class=\"wp-block-column is-layout-flow wp-container-core-column-layout-7 wp-block-column-is-layout-flow\" style=\"padding-top:1rem;padding-bottom:1rem\">\n<div class=\"wp-block-group has-global-padding is-layout-constrained wp-container-core-group-layout-9 wp-block-group-is-layout-constrained\" style=\"margin-top:0;margin-bottom:0\">\n<figure class=\"wp-block-image aligncenter size-full\"><img loading=\"lazy\" decoding=\"async\" width=\"2216\" height=\"2126\" src=\"https:\/\/audrey-photo06.com\/wp-content\/uploads\/2024\/03\/fly.jpg\" alt=\"\" class=\"wp-image-153\" style=\"aspect-ratio:3\/4;object-fit:cover\" srcset=\"https:\/\/audrey-photo06.com\/wp-content\/uploads\/2024\/03\/fly.jpg 2216w, https:\/\/audrey-photo06.com\/wp-content\/uploads\/2024\/03\/fly-300x288.jpg 300w, https:\/\/audrey-photo06.com\/wp-content\/uploads\/2024\/03\/fly-1024x982.jpg 1024w, https:\/\/audrey-photo06.com\/wp-content\/uploads\/2024\/03\/fly-768x737.jpg 768w, https:\/\/audrey-photo06.com\/wp-content\/uploads\/2024\/03\/fly-1536x1474.jpg 1536w, https:\/\/audrey-photo06.com\/wp-content\/uploads\/2024\/03\/fly-2048x1965.jpg 2048w\" sizes=\"(max-width: 2216px) 100vw, 2216px\" \/><\/figure>\n\n\n\n<h4 class=\"wp-block-heading has-text-align-center has-text-color has-link-color wp-elements-214010c139bfa4322a1d9852acd13742\" style=\"color:#b08974;font-size:clamp(0.984rem, 0.984rem + ((1vw - 0.2rem) * 0.938), 1.5rem);font-style:normal;font-weight:400;text-decoration:none;text-transform:uppercase\">fly dress<\/h4>\n<\/div>\n<\/div>\n\n\n\n<div class=\"wp-block-column is-layout-flow wp-block-column-is-layout-flow\" style=\"padding-top:1rem;padding-bottom:1rem\">\n<div class=\"wp-block-group has-global-padding is-layout-constrained wp-container-core-group-layout-10 wp-block-group-is-layout-constrained\">\n<figure class=\"wp-block-image aligncenter size-full\"><img loading=\"lazy\" decoding=\"async\" width=\"1920\" height=\"2560\" src=\"https:\/\/audrey-photo06.com\/wp-content\/uploads\/2024\/03\/paysage-2-scaled.jpg\" alt=\"\" class=\"wp-image-145\" style=\"aspect-ratio:3\/4;object-fit:cover\" srcset=\"https:\/\/audrey-photo06.com\/wp-content\/uploads\/2024\/03\/paysage-2-scaled.jpg 1920w, https:\/\/audrey-photo06.com\/wp-content\/uploads\/2024\/03\/paysage-2-225x300.jpg 225w, https:\/\/audrey-photo06.com\/wp-content\/uploads\/2024\/03\/paysage-2-768x1024.jpg 768w, https:\/\/audrey-photo06.com\/wp-content\/uploads\/2024\/03\/paysage-2-1152x1536.jpg 1152w, https:\/\/audrey-photo06.com\/wp-content\/uploads\/2024\/03\/paysage-2-1536x2048.jpg 1536w\" sizes=\"(max-width: 1920px) 100vw, 1920px\" \/><\/figure>\n\n\n\n<h4 class=\"wp-block-heading has-text-align-center has-text-color has-link-color wp-elements-aab372ae36e67c535ba0999f29902960\" style=\"color:#b08974;font-size:clamp(0.984rem, 0.984rem + ((1vw - 0.2rem) * 0.938), 1.5rem);font-style:normal;font-weight:400;text-decoration:none;text-transform:uppercase\">paysage<\/h4>\n<\/div>\n<\/div>\n\n\n\n<div class=\"wp-block-column is-layout-flow wp-block-column-is-layout-flow\" style=\"padding-top:1rem;padding-bottom:1rem\">\n<div class=\"wp-block-group has-global-padding is-layout-constrained wp-container-core-group-layout-11 wp-block-group-is-layout-constrained\">\n<figure class=\"wp-block-image aligncenter size-full\"><img loading=\"lazy\" decoding=\"async\" width=\"2560\" height=\"1707\" src=\"https:\/\/audrey-photo06.com\/wp-content\/uploads\/2024\/03\/enfant3-2-scaled.jpg\" alt=\"\" class=\"wp-image-146\" style=\"aspect-ratio:3\/4;object-fit:cover\" srcset=\"https:\/\/audrey-photo06.com\/wp-content\/uploads\/2024\/03\/enfant3-2-scaled.jpg 2560w, https:\/\/audrey-photo06.com\/wp-content\/uploads\/2024\/03\/enfant3-2-300x200.jpg 300w, https:\/\/audrey-photo06.com\/wp-content\/uploads\/2024\/03\/enfant3-2-1024x683.jpg 1024w, https:\/\/audrey-photo06.com\/wp-content\/uploads\/2024\/03\/enfant3-2-768x512.jpg 768w, https:\/\/audrey-photo06.com\/wp-content\/uploads\/2024\/03\/enfant3-2-1536x1024.jpg 1536w, https:\/\/audrey-photo06.com\/wp-content\/uploads\/2024\/03\/enfant3-2-2048x1365.jpg 2048w\" sizes=\"(max-width: 2560px) 100vw, 2560px\" \/><\/figure>\n\n\n\n<h4 class=\"wp-block-heading has-text-align-center has-text-color has-link-color wp-elements-f2545416e7f8771598e35a77230c90c9\" style=\"color:#b08974;font-size:clamp(0.984rem, 0.984rem + ((1vw - 0.2rem) * 0.938), 1.5rem);font-style:normal;font-weight:400;text-decoration:none;text-transform:uppercase\">enfant<\/h4>\n<\/div>\n<\/div>\n<\/div>\n<\/section>\n\n\n\n<div class=\"wp-block-cover alignfull is-light\" style=\"min-height:500px\"><span aria-hidden=\"true\" class=\"wp-block-cover__background has-contrast-background-color has-background-dim\"><\/span><img loading=\"lazy\" decoding=\"async\" width=\"1705\" height=\"1136\" class=\"wp-block-cover__image-background wp-image-148\" alt=\"\" src=\"https:\/\/audrey-photo06.com\/wp-content\/uploads\/2024\/03\/modele2-2.webp\" style=\"object-position:49% 62%\" data-object-fit=\"cover\" data-object-position=\"49% 62%\" srcset=\"https:\/\/audrey-photo06.com\/wp-content\/uploads\/2024\/03\/modele2-2.webp 1705w, https:\/\/audrey-photo06.com\/wp-content\/uploads\/2024\/03\/modele2-2-300x200.webp 300w, https:\/\/audrey-photo06.com\/wp-content\/uploads\/2024\/03\/modele2-2-1024x682.webp 1024w, https:\/\/audrey-photo06.com\/wp-content\/uploads\/2024\/03\/modele2-2-768x512.webp 768w, https:\/\/audrey-photo06.com\/wp-content\/uploads\/2024\/03\/modele2-2-1536x1023.webp 1536w\" sizes=\"(max-width: 1705px) 100vw, 1705px\" \/><div class=\"wp-block-cover__inner-container has-global-padding is-layout-constrained wp-block-cover-is-layout-constrained\">\n<div class=\"wp-block-buttons is-content-justification-center is-layout-flex wp-container-core-buttons-layout-1 wp-block-buttons-is-layout-flex\" style=\"margin-top:0rem;margin-bottom:0\">\n<div class=\"wp-block-button has-custom-font-size is-style-outline\" style=\"font-size:clamp(0.875em, 0.875rem + ((1vw - 0.2em) * 0.245), 1.01em);text-transform:capitalize\"><a class=\"wp-block-button__link has-text-color has-background has-border-color wp-element-button\" style=\"border-color:#0e0e0e;border-width:1px;border-radius:30px;color:#000000;background-color:#ffffff;padding-top:0.8em;padding-right:3.2rem;padding-bottom:0.8em;padding-left:3.2rem\">R\u00e9servez votre s\u00e9ance d\u00e8s maintenant !<\/a><\/div>\n<\/div>\n<\/div><\/div>\n","protected":false},"excerpt":{"rendered":"<p>Moments Pr\u00e9cieux naissance famille grossesse Couple Modele events fly dress paysage enfant<\/p>\n","protected":false},"author":1,"featured_media":0,"parent":0,"menu_order":0,"comment_status":"closed","ping_status":"closed","template":"","meta":{"footnotes":""},"_links":{"self":[{"href":"https:\/\/audrey-photo06.com\/index.php\/wp-json\/wp\/v2\/pages\/14"}],"collection":[{"href":"https:\/\/audrey-photo06.com\/index.php\/wp-json\/wp\/v2\/pages"}],"about":[{"href":"https:\/\/audrey-photo06.com\/index.php\/wp-json\/wp\/v2\/types\/page"}],"author":[{"embeddable":true,"href":"https:\/\/audrey-photo06.com\/index.php\/wp-json\/wp\/v2\/users\/1"}],"replies":[{"embeddable":true,"href":"https:\/\/audrey-photo06.com\/index.php\/wp-json\/wp\/v2\/comments?post=14"}],"version-history":[{"count":12,"href":"https:\/\/audrey-photo06.com\/index.php\/wp-json\/wp\/v2\/pages\/14\/revisions"}],"predecessor-version":[{"id":196,"href":"https:\/\/audrey-photo06.com\/index.php\/wp-json\/wp\/v2\/pages\/14\/revisions\/196"}],"wp:attachment":[{"href":"https:\/\/audrey-photo06.com\/index.php\/wp-json\/wp\/v2\/media?parent=14"}],"curies":[{"name":"wp","href":"https:\/\/api.w.org\/{rel}","templated":true}]}}